{"id":28032,"date":"2026-04-17T18:54:51","date_gmt":"2026-04-17T16:54:51","guid":{"rendered":"https:\/\/sabilycollection.com\/?post_type=product&#038;p=28032"},"modified":"2026-04-17T18:54:51","modified_gmt":"2026-04-17T16:54:51","slug":"bois-dagar-sauvage-malaisie-oud-sabah-grade-triple-super","status":"publish","type":"product","link":"https:\/\/sabilycollection.com\/fr\/produit\/bois-dagar-sauvage-malaisie-oud-sabah-grade-triple-super\/","title":{"rendered":"Bois d&rsquo;Agar Sauvage Malaisie Oud Sabah Grade Triple Super"},"content":{"rendered":"<p><strong>Bois d\u2019Agar Sauvage Malaisien (Oud de Sabah) \u2013 Grade Triple Super&#8230;<\/strong><\/p>\n<p>D\u00e9couvrez le v\u00e9ritable luxe avec notre Oud de Sabah malaisien, Triple Super Grade, un tr\u00e9sor naturel d\u2019une qualit\u00e9 exceptionnelle et de plus en plus rare, issu des for\u00eats sauvages du Grand Born\u00e9o en Malaisie.<\/p>\n<p>R\u00e9colt\u00e9 \u00e0 partir de la rare esp\u00e8ce <strong>Aquilaria Microcarpa<\/strong>, ce bois d\u2019agar pur repr\u00e9sente le summum de la qualit\u00e9, avec des morceaux exceptionnellement riches en r\u00e9sine et dot\u00e9s d\u2019une intensit\u00e9 aromatique in\u00e9gal\u00e9e.<\/p>\n<p>Chaque fragment de ce Oud est le fruit de d\u00e9cennies de croissance naturelle, fa\u00e7onn\u00e9 par le climat tropical et la r\u00e9sine qu\u2019il a accumul\u00e9e au fil du temps. <strong>Le parfum qu\u2019il lib\u00e8re est profond, enveloppant et durable, offrant une exp\u00e9rience sensorielle incomparable, \u00e0 la fois raffin\u00e9e, chaleureuse et presque mystique.<\/strong> Son ar\u00f4me riche et complexe d\u00e9voile de puissantes nuances \u00e9pic\u00e9es et bois\u00e9es, subtilement adoucies par des touches sucr\u00e9es et cr\u00e9meuses naturellement douces et d\u00e9licates, cr\u00e9ant un v\u00e9ritable voyage olfactif sur fond r\u00e9sineux.<\/p>\n<p>Ce Oud est 100% naturel et sauvage, provenant des for\u00eats pr\u00e9serv\u00e9es de Sabah. Il est issu de la rare <strong>Aquilaria Microcarpa<\/strong>, l\u2019une des esp\u00e8ces les plus recherch\u00e9es au monde pour sa qualit\u00e9 et son parfum exquis. Ce type d\u2019arbre Aquilaria n\u2019est pas pr\u00e9dominant en Malaisie et repr\u00e9sente environ 20% compar\u00e9 aux autres vari\u00e9t\u00e9s d\u2019<strong>Aquilaria Malaccensis<\/strong> et esp\u00e8ces apparent\u00e9es.<\/p>\n<p>Le grade Triple Super garantit des morceaux hautement r\u00e9sineux, intenses et tr\u00e8s durables. <strong>Le Oud sauvage malaisien devient de plus en plus rare, et nous sommes fiers de pouvoir vous le proposer.<\/strong><\/p>\n<p><strong>Notre Oud malaisien est id\u00e9al pour parfumer votre int\u00e9rieur, vos v\u00eatements ou sublimer des occasions sp\u00e9ciales.<\/strong> Son ar\u00f4me extr\u00eamement luxueux cr\u00e9e instantan\u00e9ment une atmosph\u00e8re de raffinement, de s\u00e9r\u00e9nit\u00e9 et de prestige, transformant chaque moment en une exp\u00e9rience unique.<\/p>\n<p>Offrez-vous le luxe authentique du Oud de Sabah, un bois d\u2019agar rare fa\u00e7onn\u00e9 par la nature pour devenir l\u2019un des encens naturels les plus pr\u00e9cieux et les plus convoit\u00e9s par les connaisseurs et les amateurs de produits d\u2019exception.<\/p>\n<p><strong>Les quantit\u00e9s sont tr\u00e8s limit\u00e9es\u2026<\/strong> Ne manquez pas l\u2019opportunit\u00e9 de poss\u00e9der ce tr\u00e9sor naturel avant rupture de stock !<\/p>\n<p><strong>Conseils d\u2019utilisation pour le Oud :<\/strong><\/p>\n<p>Avec notre Oud \u00e0 br\u00fbler, vous profiterez d\u2019un voyage olfactif exceptionnel offrant une exp\u00e9rience unique. Nous recommandons fortement d\u2019utiliser une feuille d\u2019aluminium sur votre charbon chaud afin de prolonger la combustion et de garantir un ar\u00f4me plus pur et de meilleure qualit\u00e9.<\/p>\n<p><strong>Ses bienfaits :<\/strong><\/p>\n<p>Le bois d\u2019agar est \u00e9galement consid\u00e9r\u00e9 comme un puissant aphrodisiaque. Dans de nombreuses cultures, les femmes parfument leurs v\u00eatements ainsi que leur corps avec celui-ci. Utilis\u00e9 en m\u00e9decine traditionnelle, il est r\u00e9put\u00e9 pour aider \u00e0 soulager certains troubles nerveux tels que la n\u00e9vrose, les comportements obsessionnels et l\u2019\u00e9puisement. Il est reconnu pour ses effets psychoactifs, favorisant une connexion avec la dimension spirituelle. C\u2019est pourquoi il est consid\u00e9r\u00e9 comme un excellent encens de m\u00e9ditation, apportant \u00e9nergie int\u00e9rieure et apaisement mental. Son parfum procure une sensation de bien-\u00eatre et aide \u00e0 dissiper le stress.<\/p>\n<p>Il est \u00e9galement associ\u00e9 \u00e0 des bienfaits contre les maux d\u2019estomac, certaines maladies cardiovasculaires, les neuropathies, les naus\u00e9es ou encore l\u2019asthme. Il est largement utilis\u00e9 dans l\u2019industrie pharmaceutique en raison de sa richesse naturelle en terp\u00e8no\u00efdes (aux propri\u00e9t\u00e9s s\u00e9datives et anxiolytiques) ainsi qu\u2019en polyph\u00e9nols (antioxydants naturels). Il favorise \u00e9galement la digestion. Ses propri\u00e9t\u00e9s m\u00e9dicinales ont notamment \u00e9t\u00e9 \u00e9tudi\u00e9es pour les troubles du sommeil, le cholest\u00e9rol et bien d\u2019autres.<\/p>\n<p>Sa raret\u00e9, ainsi que ses nombreuses vertus, font du bois d\u2019agar une mati\u00e8re extr\u00eamement pr\u00e9cieuse et donc particuli\u00e8rement co\u00fbteuse.<\/p>\n<p><strong>Ses notes :<\/strong> \u00e9pic\u00e9es, cr\u00e9meuses, r\u00e9sineuses, sucr\u00e9es, miell\u00e9es, bois\u00e9es<\/p>\n<p><strong>R\u00e9gion :<\/strong> Sabah (Born\u00e9o)<\/p>\n<p><strong>Esp\u00e8ce d\u2019arbre :<\/strong> Aquilaria Microcarpa<\/p>\n<p>100% bois d\u2019agar sauvage naturel<\/p>\n<p><strong>Grade :<\/strong> Triple Super<\/p>\n<p>Tr\u00e8s longue tenue<\/p>\n<p><strong>Conditionnement :<\/strong> 10g, 20g<\/p>\n","protected":false},"excerpt":{"rendered":"<p>D\u00e9couvrez notre Oud malaisien d\u2019exception, <strong>issu de la r\u00e9gion de Sabah (Born\u00e9o)<\/strong> et extrait de l\u2019Aquilaria Microcarpa sauvage. <strong>S\u00e9lectionn\u00e9 en grade Triple Super, il se distingue par sa richesse en r\u00e9sine, son intensit\u00e9 et sa remarquable tenue.<\/strong> De plus en plus rare, ce bois d\u2019agar naturel \u00e0 100% r\u00e9v\u00e8le un profil olfactif exceptionnel\u00a0<strong>m\u00ealant des notes \u00e9pic\u00e9es, cr\u00e9meuses, r\u00e9sineuses, sucr\u00e9es, miell\u00e9es et bois\u00e9es.<\/strong><\/p>\n<p>Id\u00e9al pour parfumer votre int\u00e9rieur, vos v\u00eatements ou sublimer vos moments pr\u00e9cieux, il offre une exp\u00e9rience olfactive profonde et raffin\u00e9e.<\/p>\n","protected":false},"featured_media":28095,"comment_status":"open","ping_status":"closed","template":"","meta":[],"product_brand":[],"product_cat":[263,245],"product_tag":[],"class_list":{"0":"post-28032","1":"product","2":"type-product","3":"status-publish","4":"has-post-thumbnail","6":"product_cat-lencens-oud-bois-dagar","7":"product_cat-les-encens-dexcellence","8":"pa_weight-10g","9":"pa_weight-20g","11":"first","12":"instock","13":"shipping-taxable","14":"purchasable","15":"product-type-variable"},"_links":{"self":[{"href":"https:\/\/sabilycollection.com\/fr\/wp-json\/wp\/v2\/product\/28032","targetHints":{"allow":["GET"]}}],"collection":[{"href":"https:\/\/sabilycollection.com\/fr\/wp-json\/wp\/v2\/product"}],"about":[{"href":"https:\/\/sabilycollection.com\/fr\/wp-json\/wp\/v2\/types\/product"}],"replies":[{"embeddable":true,"href":"https:\/\/sabilycollection.com\/fr\/wp-json\/wp\/v2\/comments?post=28032"}],"wp:featuredmedia":[{"embeddable":true,"href":"https:\/\/sabilycollection.com\/fr\/wp-json\/wp\/v2\/media\/28095"}],"wp:attachment":[{"href":"https:\/\/sabilycollection.com\/fr\/wp-json\/wp\/v2\/media?parent=28032"}],"wp:term":[{"taxonomy":"product_brand","embeddable":true,"href":"https:\/\/sabilycollection.com\/fr\/wp-json\/wp\/v2\/product_brand?post=28032"},{"taxonomy":"product_cat","embeddable":true,"href":"https:\/\/sabilycollection.com\/fr\/wp-json\/wp\/v2\/product_cat?post=28032"},{"taxonomy":"product_tag","embeddable":true,"href":"https:\/\/sabilycollection.com\/fr\/wp-json\/wp\/v2\/product_tag?post=28032"}],"curies":[{"name":"wp","href":"https:\/\/api.w.org\/{rel}","templated":true}]}}