{"id":28038,"date":"2026-04-05T15:01:49","date_gmt":"2026-04-05T13:01:49","guid":{"rendered":"https:\/\/sabilycollection.com\/?post_type=product&#038;p=28038"},"modified":"2026-04-09T20:19:06","modified_gmt":"2026-04-09T18:19:06","slug":"huile-de-oud-prachin-king-agee-2024-huile-de-bois-dagarwood-dehn-al-oud-thailande","status":"publish","type":"product","link":"https:\/\/sabilycollection.com\/fr\/produit\/huile-de-oud-prachin-king-agee-2024-huile-de-bois-dagarwood-dehn-al-oud-thailande\/","title":{"rendered":"Huile de Oud Prachin King \u00c2g\u00e9e 2024 Huile de Bois d&rsquo;Agarwood Dehn Al Oud Thailande"},"content":{"rendered":"<p><strong>L&rsquo;Huile de Oud Prachin King 2024\u2026 L\u2019Excellence Absolue de la Tha\u00eflande.<\/strong><\/p>\n<p>Originaire de la prestigieuse r\u00e9gion de Prachinburi, <strong>notre Oud Prachin King distill\u00e9 en 2024 repr\u00e9sente l\u2019expression la plus raffin\u00e9e et aboutie de nos Ouds de Prachin.<\/strong> <strong>S\u00e9lectionn\u00e9 avec la plus grande exigence aupr\u00e8s de distillateurs experts, il surpasse toutes les qualit\u00e9s que nous avons pr\u00e9c\u00e9demment propos\u00e9es issues de ce terroir tha\u00eflandais, d\u2019o\u00f9 son nom Prachin King.<\/strong><\/p>\n<p>Distill\u00e9 en 2024 \u00e0 partir de bois d\u2019agar de la province de Prachinburi rigoureusement s\u00e9lectionn\u00e9, cet \u00e9lixir rare se distingue par une profondeur remarquable et une richesse aromatique incomparable. Sa couleur sombre et dense refl\u00e8te une exp\u00e9rience olfactive d\u2019une intensit\u00e9 exceptionnelle, avec une performance bien au-dessus de la moyenne.<\/p>\n<p><strong>D\u00e8s les premi\u00e8res notes, la fragrance r\u00e9v\u00e8le une signature puissante et addictive, rappelant les grands Ouds de Prachin d\u2019autrefois\u2026<\/strong> Un accord sombre aux facettes nobles \u00e9voquant la cola, sublim\u00e9 par une douceur subtile et raffin\u00e9e. <strong>Le c\u0153ur \u00e9volue vers des nuances gourmandes riches de cola et de chocolat noir, soutenues par une structure bois\u00e9e et terreuse d\u2019une \u00e9l\u00e9gance remarquable et particuli\u00e8rement s\u00e9duisante.<\/strong> En fond, une d\u00e9licate <strong>touche fum\u00e9e<\/strong> s\u2019entrelace avec une douceur naturelle, laissant un sillage profond, durable et captivant.<\/p>\n<p>Ce Oud Prachin King incarne l\u2019\u00e9quilibre parfait entre puissance et douceur. <strong>Il ne s\u2019agit pas d\u2019un Oud Prachin standard que l\u2019on retrouve sur les march\u00e9s tha\u00eflandais. Ce n\u2019est pas un Oud courant, mais une qualit\u00e9 rare, s\u00e9lectionn\u00e9e avec une rigueur extr\u00eame, un v\u00e9ritable chef-d\u2019\u0153uvre olfactif destin\u00e9 aux connaisseurs les plus exigeants et aux amateurs de raret\u00e9.<\/strong><\/p>\n<p>Sans aucun doute, il s\u2019agit du Oud Prachin le plus exceptionnel que nous proposons, une pi\u00e8ce ma\u00eetresse pour toute collection prestigieuse.<\/p>\n<p><strong>Informations :<\/strong><\/p>\n<p>Issu de l\u2019un des bois les plus pr\u00e9cieux et les plus co\u00fbteux au monde, l\u2019huile de oud est utilis\u00e9e par les plus grandes maisons de parfumerie pour la cr\u00e9ation de fragrances de luxe.<br \/>\nCe produit d\u2019exception est extrait de diff\u00e9rentes esp\u00e8ces d\u2019arbres d\u2019Asie du Sud-Est, la plus connue \u00e9tant l\u2019Aquilaria Malaccensis, r\u00e9put\u00e9e pour sa qualit\u00e9 et son parfum incomparable.<\/p>\n<p><strong>Ses bienfaits :<\/strong><\/p>\n<p>Le bois d\u2019agar est \u00e9galement consid\u00e9r\u00e9 comme un puissant aphrodisiaque. Dans de nombreuses cultures, les femmes parfument leurs v\u00eatements autant que leur corps avec celui-ci. Utilis\u00e9 sous forme d\u2019huile, le oud est particuli\u00e8rement pris\u00e9. Dans le monde arabe, il est appliqu\u00e9 directement sur la peau et constitue une mati\u00e8re premi\u00e8re essentielle de la parfumerie orientale.<\/p>\n<p>Extr\u00eamement pr\u00e9cieux, il d\u00e9veloppe un ar\u00f4me envo\u00fbtant, \u00e0 la fois brut et sophistiqu\u00e9, d\u2019un raffinement remarquable. Son parfum procure une sensation de bien-\u00eatre et aide \u00e0 apaiser le stress (\u0625\u0646 \u0634\u0627\u0621 \u0627\u0644\u0644\u0647).<\/p>\n<p><strong>Produit rare et de tr\u00e8s haute qualit\u00e9<\/strong><\/p>\n<p><strong>Tenue longue dur\u00e9e garantie<\/strong><\/p>\n<p>Issu de plantations d\u2019Aquilaria Crassna, 100% naturel, sans produits chimiques dans le processus.<\/p>\n<p>Distill\u00e9 en 2024 dans la r\u00e9gion de Prachinburi (Tha\u00eflande)<\/p>\n<p>\u2714 100% pur et non dilu\u00e9<br \/>\n\u2714 Sans additifs<br \/>\n\u2714 Sans parfum artificiel<br \/>\n\u2714 Sans colorant<br \/>\n\u2714 Sans fermentation alcoolique<br \/>\n\u2714 Sans trempage \u00e0 l\u2019\u00e9thanol<\/p>\n<p><strong>Notes :<\/strong> sucr\u00e9es, cola, fum\u00e9es, terreuses, chocolat noir<\/p>\n<p><strong>Formats disponibles :<\/strong> 1ml, 3ml, 6ml<\/p>\n","protected":false},"excerpt":{"rendered":"<p><strong>Notre huile de Oud Prachin King 2024 est l\u2019expression la plus raffin\u00e9e de nos Oud de Prachinburi.\u00a0<\/strong><\/p>\n<p>Sombre, riche et d\u2019une tenue remarquable, il d\u00e9voile des <strong>notes de cola, de douceur, de chocolat et de bois l\u00e9g\u00e8rement fum\u00e9.<\/strong> Une qualit\u00e9 rare, bien au-dessus des ouds standards du march\u00e9. <strong>Distill\u00e9 pour les v\u00e9ritables connaisseurs.<\/strong><\/p>\n<p><strong>Ne manquez pas l\u2019opportunit\u00e9 de poss\u00e9der ce tr\u00e9sor olfactif unique.<\/strong> Offrez-vous une exp\u00e9rience sensorielle exceptionnelle et sublimez votre collection de Oud de la plus belle des mani\u00e8res avec notre Prachin King&#8230;<\/p>\n","protected":false},"featured_media":28053,"comment_status":"open","ping_status":"closed","template":"","meta":[],"product_brand":[],"product_cat":[251,266,264],"product_tag":[],"class_list":{"0":"post-28038","1":"product","2":"type-product","3":"status-publish","4":"has-post-thumbnail","6":"product_cat-huile-de-oud-pure","7":"product_cat-huiles-de-oud-pure-single-bottle","8":"product_cat-huiles-de-oud-pure-parfums","9":"pa_quantity-1ml","10":"pa_quantity-3ml","11":"pa_quantity-6ml","13":"first","14":"instock","15":"shipping-taxable","16":"purchasable","17":"product-type-variable"},"_links":{"self":[{"href":"https:\/\/sabilycollection.com\/fr\/wp-json\/wp\/v2\/product\/28038","targetHints":{"allow":["GET"]}}],"collection":[{"href":"https:\/\/sabilycollection.com\/fr\/wp-json\/wp\/v2\/product"}],"about":[{"href":"https:\/\/sabilycollection.com\/fr\/wp-json\/wp\/v2\/types\/product"}],"replies":[{"embeddable":true,"href":"https:\/\/sabilycollection.com\/fr\/wp-json\/wp\/v2\/comments?post=28038"}],"wp:featuredmedia":[{"embeddable":true,"href":"https:\/\/sabilycollection.com\/fr\/wp-json\/wp\/v2\/media\/28053"}],"wp:attachment":[{"href":"https:\/\/sabilycollection.com\/fr\/wp-json\/wp\/v2\/media?parent=28038"}],"wp:term":[{"taxonomy":"product_brand","embeddable":true,"href":"https:\/\/sabilycollection.com\/fr\/wp-json\/wp\/v2\/product_brand?post=28038"},{"taxonomy":"product_cat","embeddable":true,"href":"https:\/\/sabilycollection.com\/fr\/wp-json\/wp\/v2\/product_cat?post=28038"},{"taxonomy":"product_tag","embeddable":true,"href":"https:\/\/sabilycollection.com\/fr\/wp-json\/wp\/v2\/product_tag?post=28038"}],"curies":[{"name":"wp","href":"https:\/\/api.w.org\/{rel}","templated":true}]}}