{"id":28297,"date":"2026-05-07T19:03:06","date_gmt":"2026-05-07T17:03:06","guid":{"rendered":"https:\/\/sabilycollection.com\/?post_type=product&#038;p=28297"},"modified":"2026-05-07T19:04:29","modified_gmt":"2026-05-07T17:04:29","slug":"decant-tiziana-terenzi-porpora-10ml","status":"publish","type":"product","link":"https:\/\/sabilycollection.com\/fr\/produit\/decant-tiziana-terenzi-porpora-10ml\/","title":{"rendered":"Decant Tiziana Terenzi Porpora 10ml"},"content":{"rendered":"<p><strong>NOM DU PARFUM :<\/strong> Porpora<br \/>\n<strong>MAISON :<\/strong> Tiziana Terenzi<br \/>\n<strong>CONCENTRATION :<\/strong> Extrait de Parfum<br \/>\n<strong>PARFUMEUR :<\/strong> Paolo Terenzi<\/p>\n<p>Porpora est une fragrance construite autour de la richesse des fleurs sombres et des accords orientaux chaleureux.<\/p>\n<p>L\u2019ouverture d\u00e9voile un m\u00e9lange opulent de rose et de framboise, offrant imm\u00e9diatement \u00e0 la composition un caract\u00e8re sensuel et velout\u00e9. Des touches \u00e9pic\u00e9es de cannelle et de clou de girofle viennent intensifier l\u2019ensemble, apportant profondeur et caract\u00e8re \u00e0 cette introduction vibrante.<\/p>\n<p>Au fil des notes, la rose bulgare prend pleinement sa place au c\u0153ur de la fragrance. Elle s\u2019enveloppe d\u2019encens fum\u00e9 et de patchouli terreux, r\u00e9v\u00e9lant une \u00e9l\u00e9gance myst\u00e9rieuse et raffin\u00e9e. Les nuances r\u00e9sineuses \u00e9quilibrent harmonieusement la douceur des fleurs et des fruits, donnant au parfum une pr\u00e9sence riche et sophistiqu\u00e9e.<\/p>\n<p>En fond, l\u2019ambre, le bois de ch\u00e2taignier, le musc et le benjoin cr\u00e9ent une base chaude et enveloppante qui renforce la profondeur et la tenue du parfum. Le sillage devient lisse, intense et captivant, laissant une empreinte puissante et \u00e9l\u00e9gante.<\/p>\n<p>L\u2019impression g\u00e9n\u00e9rale est audacieuse, s\u00e9duisante et majestueuse. Porpora est une fragrance id\u00e9ale pour affirmer une \u00e9l\u00e9gance sombre, sophistiqu\u00e9e et inoubliable.<\/p>\n","protected":false},"excerpt":{"rendered":"<p>NOM DU PARFUM : Porpora MAISON : Tiziana Terenzi CONCENTRATION : Extrait de Parfum PARFUMEUR : Paolo Terenzi Porpora est une fragrance construite autour de la richesse des fleurs sombres et des accords orientaux chaleureux. L\u2019ouverture d\u00e9voile un m\u00e9lange opulent de rose et de framboise, offrant imm\u00e9diatement \u00e0 la composition un caract\u00e8re sensuel et velout\u00e9. [&hellip;]<\/p>\n","protected":false},"featured_media":28296,"comment_status":"open","ping_status":"closed","template":"","meta":[],"product_brand":[],"product_cat":[341],"product_tag":[],"class_list":{"0":"post-28297","1":"product","2":"type-product","3":"status-publish","4":"has-post-thumbnail","6":"product_cat-decantes-parfum-niche","8":"first","9":"instock","10":"shipping-taxable","11":"purchasable","12":"product-type-simple"},"_links":{"self":[{"href":"https:\/\/sabilycollection.com\/fr\/wp-json\/wp\/v2\/product\/28297","targetHints":{"allow":["GET"]}}],"collection":[{"href":"https:\/\/sabilycollection.com\/fr\/wp-json\/wp\/v2\/product"}],"about":[{"href":"https:\/\/sabilycollection.com\/fr\/wp-json\/wp\/v2\/types\/product"}],"replies":[{"embeddable":true,"href":"https:\/\/sabilycollection.com\/fr\/wp-json\/wp\/v2\/comments?post=28297"}],"wp:featuredmedia":[{"embeddable":true,"href":"https:\/\/sabilycollection.com\/fr\/wp-json\/wp\/v2\/media\/28296"}],"wp:attachment":[{"href":"https:\/\/sabilycollection.com\/fr\/wp-json\/wp\/v2\/media?parent=28297"}],"wp:term":[{"taxonomy":"product_brand","embeddable":true,"href":"https:\/\/sabilycollection.com\/fr\/wp-json\/wp\/v2\/product_brand?post=28297"},{"taxonomy":"product_cat","embeddable":true,"href":"https:\/\/sabilycollection.com\/fr\/wp-json\/wp\/v2\/product_cat?post=28297"},{"taxonomy":"product_tag","embeddable":true,"href":"https:\/\/sabilycollection.com\/fr\/wp-json\/wp\/v2\/product_tag?post=28297"}],"curies":[{"name":"wp","href":"https:\/\/api.w.org\/{rel}","templated":true}]}}